{"id":1576,"date":"2026-02-04T16:13:03","date_gmt":"2026-02-04T15:13:03","guid":{"rendered":"https:\/\/kanbanprzykawie.pl\/?page_id=1576"},"modified":"2026-02-19T19:16:35","modified_gmt":"2026-02-19T18:16:35","slug":"jak-zaczac-sluchac","status":"publish","type":"page","link":"https:\/\/kanbanprzykawie.pl\/index.php\/jak-zaczac-sluchac\/","title":{"rendered":"Jak zacz\u0105\u0107 s\u0142ucha\u0107?"},"content":{"rendered":"\n[mapa_odcinkow]\n\n\n\n<p><\/p>\n","protected":false},"excerpt":{"rendered":"<p>[mapa_odcinkow]<\/p>\n","protected":false},"author":1,"featured_media":0,"parent":0,"menu_order":0,"comment_status":"closed","ping_status":"closed","template":"page-jak-zaczac.php","meta":{"footnotes":""},"class_list":["post-1576","page","type-page","status-publish","hentry"],"jetpack_sharing_enabled":true,"_links":{"self":[{"href":"https:\/\/kanbanprzykawie.pl\/index.php\/wp-json\/wp\/v2\/pages\/1576","targetHints":{"allow":["GET"]}}],"collection":[{"href":"https:\/\/kanbanprzykawie.pl\/index.php\/wp-json\/wp\/v2\/pages"}],"about":[{"href":"https:\/\/kanbanprzykawie.pl\/index.php\/wp-json\/wp\/v2\/types\/page"}],"author":[{"embeddable":true,"href":"https:\/\/kanbanprzykawie.pl\/index.php\/wp-json\/wp\/v2\/users\/1"}],"replies":[{"embeddable":true,"href":"https:\/\/kanbanprzykawie.pl\/index.php\/wp-json\/wp\/v2\/comments?post=1576"}],"version-history":[{"count":5,"href":"https:\/\/kanbanprzykawie.pl\/index.php\/wp-json\/wp\/v2\/pages\/1576\/revisions"}],"predecessor-version":[{"id":1721,"href":"https:\/\/kanbanprzykawie.pl\/index.php\/wp-json\/wp\/v2\/pages\/1576\/revisions\/1721"}],"wp:attachment":[{"href":"https:\/\/kanbanprzykawie.pl\/index.php\/wp-json\/wp\/v2\/media?parent=1576"}],"curies":[{"name":"wp","href":"https:\/\/api.w.org\/{rel}","templated":true}]}}